{"id":14,"date":"2014-12-06T11:32:33","date_gmt":"2014-12-06T11:32:33","guid":{"rendered":"http:\/\/lito-art.com\/index.php\/home\/"},"modified":"2015-02-28T17:06:38","modified_gmt":"2015-02-28T17:06:38","slug":"home","status":"publish","type":"page","link":"http:\/\/lito-art.com\/","title":{"rendered":"Lito Art"},"content":{"rendered":"<div id=\"pl-14\"><div class=\"panel-grid\" id=\"pg-14-0\" ><div class=\"panel-row-style-wide-grey wide-grey panel-row-style\" ><div class=\"panel-grid-cell\" id=\"pgc-14-0-0\" ><div class=\"so-panel widget widget_headline-widget panel-first-child\" id=\"panel-14-0-0-0\">\t\t<h1>Scopri tutti i nostri servizi<\/h1>\n\t\t<div class=\"decoration\"><div class=\"decoration-inside\"><\/div><\/div>\n\t\t<h3><\/h3>\n\t\t<\/div><div class=\"so-panel widget widget_siteorigin-panels-builder panel-last-child\" id=\"panel-14-0-0-1\"><div id=\"pl-w54f1f59ecff94\"><div class=\"panel-grid\" id=\"pg-w54f1f59ecff94-0\" ><div class=\"panel-grid-cell\" id=\"pgc-w54f1f59ecff94-0-0\" ><div class=\"so-panel widget widget_circleicon-widget panel-first-child\" id=\"panel-w54f1f59ecff94-0-0-0\">\t\t<div class=\"circle-icon-box circle-icon-position-top circle-icon-hide-box circle-icon-size-small\">\n\t\t\t<div class=\"circle-icon-wrapper\">\n                \t\t\t\t<div class=\"circle-icon\" >\n\t\t\t\t\t<div class=\"icon-tags\"><\/div>\t\t\t\t<\/div>\n                \t\t\t<\/div>\n\n            \t\t\t<h4>Adesivi e etichette<\/h4>            \n\t\t\t\t\t\t\t\t\t\t<a href=\"http:\/\/www.lito-art.com\/index.php\/adesivi\/\" class=\"more-button\">Scopri di pi\u00f9... <i><\/i><\/a>\n\t\t\t\t\t<\/div>\n\t\t<\/div><div class=\"so-panel widget widget_circleicon-widget panel-last-child\" id=\"panel-w54f1f59ecff94-0-0-1\">\t\t<div class=\"circle-icon-box circle-icon-position-top circle-icon-hide-box circle-icon-size-small\">\n\t\t\t<div class=\"circle-icon-wrapper\">\n                \t\t\t\t<div class=\"circle-icon\" >\n\t\t\t\t\t<div class=\"icon-file\"><\/div>\t\t\t\t<\/div>\n                \t\t\t<\/div>\n\n            \t\t\t<h4>Banner<\/h4>            \n\t\t\t\t\t\t\t\t\t\t<a href=\"http:\/\/lito-art.com\/index.php\/striscioni-e-banner\/\" class=\"more-button\">Scopri di pi\u00f9... <i><\/i><\/a>\n\t\t\t\t\t<\/div>\n\t\t<\/div><\/div><div class=\"panel-grid-cell\" id=\"pgc-w54f1f59ecff94-0-1\" ><div class=\"so-panel widget widget_circleicon-widget panel-first-child\" id=\"panel-w54f1f59ecff94-0-1-0\">\t\t<div class=\"circle-icon-box circle-icon-position-top circle-icon-hide-box circle-icon-size-small\">\n\t\t\t<div class=\"circle-icon-wrapper\">\n                \t\t\t\t<div class=\"circle-icon\" >\n\t\t\t\t\t<div class=\"icon-list-alt\"><\/div>\t\t\t\t<\/div>\n                \t\t\t<\/div>\n\n            \t\t\t<h4>Roll Up<\/h4>            \n\t\t\t\t\t\t\t\t\t\t<a href=\"http:\/\/lito-art.com\/index.php\/roll\/\" class=\"more-button\">Scopri di pi\u00f9... <i><\/i><\/a>\n\t\t\t\t\t<\/div>\n\t\t<\/div><div class=\"so-panel widget widget_circleicon-widget\" id=\"panel-w54f1f59ecff94-0-1-1\">\t\t<div class=\"circle-icon-box circle-icon-position-top circle-icon-hide-box circle-icon-size-small\">\n\t\t\t<div class=\"circle-icon-wrapper\">\n                \t\t\t\t<div class=\"circle-icon\" >\n\t\t\t\t\t<div class=\"icon-print\"><\/div>\t\t\t\t<\/div>\n                \t\t\t<\/div>\n\n            \t\t\t<h4>Stampa digitale<\/h4>            \n\t\t\t\t\t\t\t\t\t\t<a href=\"http:\/\/lito-art.com\/index.php\/stampa-digitale\/\" class=\"more-button\">Scopri di pi\u00f9... <i><\/i><\/a>\n\t\t\t\t\t<\/div>\n\t\t<\/div><div class=\"so-panel widget widget_circleicon-widget panel-last-child\" id=\"panel-w54f1f59ecff94-0-1-2\">\t\t<div class=\"circle-icon-box circle-icon-position-top circle-icon-hide-box circle-icon-size-small\">\n\t\t\t<div class=\"circle-icon-wrapper\">\n                \t\t\t\t<div class=\"circle-icon\" >\n\t\t\t\t\t<div class=\"icon-group\"><\/div>\t\t\t\t<\/div>\n                \t\t\t<\/div>\n\n            \t\t\t<h4>Stampa e fornitura abbigliamento<\/h4>            \n\t\t\t\t\t\t\t\t\t\t<a href=\"http:\/\/lito-art.com\/index.php\/abbigliamento\/\" class=\"more-button\">Scopri di pi\u00f9... <i><\/i><\/a>\n\t\t\t\t\t<\/div>\n\t\t<\/div><\/div><div class=\"panel-grid-cell\" id=\"pgc-w54f1f59ecff94-0-2\" ><div class=\"so-panel widget widget_circleicon-widget panel-first-child\" id=\"panel-w54f1f59ecff94-0-2-0\">\t\t<div class=\"circle-icon-box circle-icon-position-top circle-icon-hide-box circle-icon-size-small\">\n\t\t\t<div class=\"circle-icon-wrapper\">\n                \t\t\t\t<div class=\"circle-icon\" >\n\t\t\t\t\t<div class=\"icon-flag\"><\/div>\t\t\t\t<\/div>\n                \t\t\t<\/div>\n\n            \t\t\t<h4>Vele<\/h4>            \n\t\t\t\t\t\t\t\t\t\t<a href=\"http:\/\/lito-art.com\/index.php\/vele-e-bandiere\/\" class=\"more-button\">Scopri di pi\u00f9... <i><\/i><\/a>\n\t\t\t\t\t<\/div>\n\t\t<\/div><div class=\"so-panel widget widget_circleicon-widget panel-last-child\" id=\"panel-w54f1f59ecff94-0-2-1\">\t\t<div class=\"circle-icon-box circle-icon-position-top circle-icon-hide-box circle-icon-size-small\">\n\t\t\t<div class=\"circle-icon-wrapper\">\n                \t\t\t\t<div class=\"circle-icon\" >\n\t\t\t\t\t<div class=\"icon-certificate\"><\/div>\t\t\t\t<\/div>\n                \t\t\t<\/div>\n\n            \t\t\t<h4>Spille<\/h4>            \n\t\t\t\t\t\t\t\t\t\t<a href=\"http:\/\/lito-art.com\/index.php\/spille\/\" class=\"more-button\">Scopri di pi\u00f9... <i><\/i><\/a>\n\t\t\t\t\t<\/div>\n\t\t<\/div><\/div><\/div><\/div><\/div><\/div><\/div><\/div><\/div>","protected":false},"excerpt":{"rendered":"<p>Scopri tutti i nostri servizi Adesivi e etichette Scopri di pi\u00f9&#8230; Banner Scopri di pi\u00f9&#8230; Roll Up Scopri di pi\u00f9&#8230; Stampa digitale Scopri di pi\u00f9&#8230; Stampa e fornitura abbigliamento Scopri di pi\u00f9&#8230; Vele Scopri di pi\u00f9&#8230; Spille Scopri di pi\u00f9&#8230;<\/p>\n","protected":false},"author":1,"featured_media":0,"parent":0,"menu_order":0,"comment_status":"closed","ping_status":"open","template":"home-panels.php","meta":[],"_links":{"self":[{"href":"http:\/\/lito-art.com\/index.php\/wp-json\/wp\/v2\/pages\/14"}],"collection":[{"href":"http:\/\/lito-art.com\/index.php\/wp-json\/wp\/v2\/pages"}],"about":[{"href":"http:\/\/lito-art.com\/index.php\/wp-json\/wp\/v2\/types\/page"}],"author":[{"embeddable":true,"href":"http:\/\/lito-art.com\/index.php\/wp-json\/wp\/v2\/users\/1"}],"replies":[{"embeddable":true,"href":"http:\/\/lito-art.com\/index.php\/wp-json\/wp\/v2\/comments?post=14"}],"version-history":[{"count":19,"href":"http:\/\/lito-art.com\/index.php\/wp-json\/wp\/v2\/pages\/14\/revisions"}],"predecessor-version":[{"id":78,"href":"http:\/\/lito-art.com\/index.php\/wp-json\/wp\/v2\/pages\/14\/revisions\/78"}],"wp:attachment":[{"href":"http:\/\/lito-art.com\/index.php\/wp-json\/wp\/v2\/media?parent=14"}],"curies":[{"name":"wp","href":"https:\/\/api.w.org\/{rel}","templated":true}]}}